{"id":14639,"date":"2023-07-07T08:12:35","date_gmt":"2023-07-07T08:12:35","guid":{"rendered":"https:\/\/printspace.harutheme.com\/demand\/?post_type=product&amp;p=783"},"modified":"2023-07-07T08:12:35","modified_gmt":"2023-07-07T08:12:35","slug":"eye-drop-boxes","status":"publish","type":"product","link":"https:\/\/rbibihas.com\/es\/producto\/eye-drop-boxes\/","title":{"rendered":"Cajas de gotas oft\u00e1lmicas"},"content":{"rendered":"<div data-elementor-type=\"wp-post\" data-elementor-id=\"14639\" class=\"elementor elementor-14639\">\n\t\t\t\t<div class=\"elementor-element elementor-element-35911c5 e-flex e-con-boxed e-con e-parent\" data-id=\"35911c5\" data-element_type=\"container\" data-e-type=\"container\">\n\t\t\t\t\t<div class=\"e-con-inner\">\n\t\t<div class=\"elementor-element elementor-element-d8b2c5c e-con-full e-flex e-con e-child\" data-id=\"d8b2c5c\" data-element_type=\"container\" data-e-type=\"container\">\n\t\t\t\t<div class=\"elementor-element elementor-element-937eb2f elementor-widget elementor-widget-haru-heading\" data-id=\"937eb2f\" data-element_type=\"widget\" data-e-type=\"widget\" data-widget_type=\"haru-heading.default\">\n\t\t\t\t<div class=\"elementor-widget-container\">\n\t\t\t\t\t<h2 class=\"haru-heading-title haru-heading-title--single-heading-1\">Consectetur a scelerisque<\/h2>\t\t\t\t<\/div>\n\t\t\t\t<\/div>\n\t\t\t\t<div class=\"elementor-element elementor-element-c7e83b1 elementor-widget elementor-widget-text-editor\" data-id=\"c7e83b1\" data-element_type=\"widget\" data-e-type=\"widget\" data-widget_type=\"text-editor.default\">\n\t\t\t\t<div class=\"elementor-widget-container\">\n\t\t\t\t\t\t\t\t\t<p><a href=\"https:\/\/printspace.harutheme.com\/demand\/wp-content\/uploads\/2023\/07\/box-icon-21.svg\" rel=\"nofollow noopener\" target=\"_blank\"><img decoding=\"async\" class=\"size-full wp-image-699 alignleft\" src=\"https:\/\/printspace.harutheme.com\/demand\/wp-content\/uploads\/2023\/07\/box-icon-21.svg\" alt=\"\" width=\"70\" height=\"70\"><\/a>Sed risus neque, sagittis sed pellente sque at, pharetra ut nunc. Phasellus id enim eget ante pellentesque pharetra. Phasellus et nisl urna. Integer nisl dui, efficitur in vopat sodales, tempor sed orci. Donec et euismod ipsum. Interdum et malesuada fames ac ante ipsum primis in faucibus.<\/p><p>Etiam tincidunt dictum eros at porta. Phasellus gravida dolor in sem placerat sodales sagittis sed pellentesque at, pharetra ut nunc efficitur in vopat sodales enim eget ante pellentesque.<\/p>\t\t\t\t\t\t\t\t<\/div>\n\t\t\t\t<\/div>\n\t\t\t\t<\/div>\n\t\t<div class=\"elementor-element elementor-element-f6deb74 e-con-full e-flex e-con e-child\" data-id=\"f6deb74\" data-element_type=\"container\" data-e-type=\"container\">\n\t\t\t\t<div class=\"elementor-element elementor-element-e0e341a elementor-widget elementor-widget-haru-heading\" data-id=\"e0e341a\" data-element_type=\"widget\" data-e-type=\"widget\" data-widget_type=\"haru-heading.default\">\n\t\t\t\t<div class=\"elementor-widget-container\">\n\t\t\t\t\t<h2 class=\"haru-heading-title haru-heading-title--single-heading-1\">En pharetra turpis<\/h2>\t\t\t\t<\/div>\n\t\t\t\t<\/div>\n\t\t\t\t<div class=\"elementor-element elementor-element-12ec240 elementor-widget elementor-widget-text-editor\" data-id=\"12ec240\" data-element_type=\"widget\" data-e-type=\"widget\" data-widget_type=\"text-editor.default\">\n\t\t\t\t<div class=\"elementor-widget-container\">\n\t\t\t\t\t\t\t\t\tConstruida en torno a un s\u00f3lido armaz\u00f3n de haya con patas de acero inoxidable pulido. La silla Wing emplea patas de acero inoxidable acabado a mano que pr\u00e1cticamente no requieren mantenimiento. CH445 funciona igual de bien en grupo que sola, y se coloca mejor donde su elegante dise\u00f1o pueda verse desde todos los \u00e1ngulos.\t\t\t\t\t\t\t\t<\/div>\n\t\t\t\t<\/div>\n\t\t\t\t<div class=\"elementor-element elementor-element-894b7ef elementor-widget elementor-widget-text-editor\" data-id=\"894b7ef\" data-element_type=\"widget\" data-e-type=\"widget\" data-widget_type=\"text-editor.default\">\n\t\t\t\t<div class=\"elementor-widget-container\">\n\t\t\t\t\t\t\t\t\t<ul>\n \t<li>En pharetra turpis: 65,00 cm<\/li>\n \t<li>Aenean pulvinar lorem: 48 colores<\/li>\n \t<li>Vestibulum convallis: 2,53 m2<\/li>\n \t<li>Esticotine convallis: 8,96 m<\/li>\n<\/ul>\t\t\t\t\t\t\t\t<\/div>\n\t\t\t\t<\/div>\n\t\t\t\t<\/div>\n\t\t<div class=\"elementor-element elementor-element-e60680f e-con-full e-flex e-con e-child\" data-id=\"e60680f\" data-element_type=\"container\" data-e-type=\"container\">\n\t\t\t\t<div class=\"elementor-element elementor-element-297c888 elementor-widget elementor-widget-haru-heading\" data-id=\"297c888\" data-element_type=\"widget\" data-e-type=\"widget\" data-widget_type=\"haru-heading.default\">\n\t\t\t\t<div class=\"elementor-widget-container\">\n\t\t\t\t\t<h2 class=\"haru-heading-title haru-heading-title--single-heading-1\">Pellentesque nec<\/h2>\t\t\t\t<\/div>\n\t\t\t\t<\/div>\n\t\t\t\t<div class=\"elementor-element elementor-element-db0b982 elementor-widget elementor-widget-text-editor\" data-id=\"db0b982\" data-element_type=\"widget\" data-e-type=\"widget\" data-widget_type=\"text-editor.default\">\n\t\t\t\t<div class=\"elementor-widget-container\">\n\t\t\t\t\t\t\t\t\t<ul>\n \t<li>Sed risus: pharetra ut nunc<\/li>\n \t<li>Phasellus id: enim eget ante pellentesque<\/li>\n \t<li>Integer nisl: euismod ipsum.<\/li>\n \t<li>Interdum et: malesuada fames ac ante ipsum<\/li>\n \t<li>Phasellus gravida: dolor in sem placerat sodales<\/li>\n<\/ul>\t\t\t\t\t\t\t\t<\/div>\n\t\t\t\t<\/div>\n\t\t\t\t<div class=\"elementor-element elementor-element-e1da462 elementor-widget elementor-widget-haru-heading\" data-id=\"e1da462\" data-element_type=\"widget\" data-e-type=\"widget\" data-widget_type=\"haru-heading.default\">\n\t\t\t\t<div class=\"elementor-widget-container\">\n\t\t\t\t\t<h2 class=\"haru-heading-title haru-heading-title--single-heading-1\">Etiam non augue<\/h2>\t\t\t\t<\/div>\n\t\t\t\t<\/div>\n\t\t\t\t<div class=\"elementor-element elementor-element-21e1043 elementor-widget elementor-widget-text-editor\" data-id=\"21e1043\" data-element_type=\"widget\" data-e-type=\"widget\" data-widget_type=\"text-editor.default\">\n\t\t\t\t<div class=\"elementor-widget-container\">\n\t\t\t\t\t\t\t\t\t<p>Nullam id pires: 68.00 cm<\/p><p>Etiam non augue: 86.00 cm<\/p>\t\t\t\t\t\t\t\t<\/div>\n\t\t\t\t<\/div>\n\t\t\t\t<\/div>\n\t\t\t\t\t<\/div>\n\t\t\t\t<\/div>\n\t\t\t\t<\/div>","protected":false},"excerpt":{"rendered":"<p>Lorem ipsum dolor sit amet, consectetur adipiscing elit. In tristique malesuada elit, ut facilisis tellus elementum id. Nullam id consectetur diam. Pellentesque nec tristique sapien etiam non augue lacus.<\/p>","protected":false},"featured_media":14396,"comment_status":"open","ping_status":"closed","template":"","meta":{"rs_blank_template":"","rs_page_bg_color":"","slide_template_v7":""},"product_brand":[],"product_cat":[59,69],"product_tag":[61,62,63,65,67,68,70,71,72],"class_list":{"0":"post-14639","1":"product","2":"type-product","3":"status-publish","4":"has-post-thumbnail","6":"product_cat-accessories","7":"product_cat-packaging","8":"product_tag-banner","9":"product_tag-brochure","10":"product_tag-card","11":"product_tag-flyer","12":"product_tag-logo","13":"product_tag-packaging","14":"product_tag-poster","15":"product_tag-sticker","16":"product_tag-t-shirt","18":"first","19":"instock","20":"sale","21":"taxable","22":"shipping-taxable","23":"purchasable","24":"product-type-variable","25":"has-default-attributes"},"_links":{"self":[{"href":"https:\/\/rbibihas.com\/es\/wp-json\/wp\/v2\/product\/14639","targetHints":{"allow":["GET"]}}],"collection":[{"href":"https:\/\/rbibihas.com\/es\/wp-json\/wp\/v2\/product"}],"about":[{"href":"https:\/\/rbibihas.com\/es\/wp-json\/wp\/v2\/types\/product"}],"replies":[{"embeddable":true,"href":"https:\/\/rbibihas.com\/es\/wp-json\/wp\/v2\/comments?post=14639"}],"version-history":[{"count":0,"href":"https:\/\/rbibihas.com\/es\/wp-json\/wp\/v2\/product\/14639\/revisions"}],"wp:featuredmedia":[{"embeddable":true,"href":"https:\/\/rbibihas.com\/es\/wp-json\/wp\/v2\/media\/14396"}],"wp:attachment":[{"href":"https:\/\/rbibihas.com\/es\/wp-json\/wp\/v2\/media?parent=14639"}],"wp:term":[{"taxonomy":"product_brand","embeddable":true,"href":"https:\/\/rbibihas.com\/es\/wp-json\/wp\/v2\/product_brand?post=14639"},{"taxonomy":"product_cat","embeddable":true,"href":"https:\/\/rbibihas.com\/es\/wp-json\/wp\/v2\/product_cat?post=14639"},{"taxonomy":"product_tag","embeddable":true,"href":"https:\/\/rbibihas.com\/es\/wp-json\/wp\/v2\/product_tag?post=14639"}],"curies":[{"name":"wp","href":"https:\/\/api.w.org\/{rel}","templated":true}]}}