{"id":9558,"date":"2023-10-05T02:10:33","date_gmt":"2023-10-05T02:10:33","guid":{"rendered":"https:\/\/printspace.harutheme.com\/demand\/product\/flyer\/"},"modified":"2023-10-05T02:10:33","modified_gmt":"2023-10-05T02:10:33","slug":"flyer","status":"publish","type":"product","link":"https:\/\/rbibihas.com\/fr\/produit\/flyer\/","title":{"rendered":"Flyer"},"content":{"rendered":"<div data-elementor-type=\"wp-post\" data-elementor-id=\"9558\" class=\"elementor elementor-9558\">\n\t\t\t\t<div class=\"elementor-element elementor-element-80dbfe7 e-flex e-con-boxed e-con e-parent\" data-id=\"80dbfe7\" data-element_type=\"container\" data-e-type=\"container\">\n\t\t\t\t\t<div class=\"e-con-inner\">\n\t\t<div class=\"elementor-element elementor-element-cd7cff5 e-con-full e-flex e-con e-child\" data-id=\"cd7cff5\" data-element_type=\"container\" data-e-type=\"container\">\n\t\t\t\t<div class=\"elementor-element elementor-element-a52905d elementor-widget elementor-widget-haru-heading\" data-id=\"a52905d\" data-element_type=\"widget\" data-e-type=\"widget\" data-widget_type=\"haru-heading.default\">\n\t\t\t\t<div class=\"elementor-widget-container\">\n\t\t\t\t\t<h2 class=\"haru-heading-title haru-heading-title--single-heading-1\">Consectetur a scelerisque<\/h2>\t\t\t\t<\/div>\n\t\t\t\t<\/div>\n\t\t\t\t<div class=\"elementor-element elementor-element-855e91d elementor-widget elementor-widget-text-editor\" data-id=\"855e91d\" data-element_type=\"widget\" data-e-type=\"widget\" data-widget_type=\"text-editor.default\">\n\t\t\t\t<div class=\"elementor-widget-container\">\n\t\t\t\t\t\t\t\t\t<p><a href=\"https:\/\/printspace.harutheme.com\/demand\/wp-content\/uploads\/2023\/07\/box-icon-21.svg\" rel=\"nofollow noopener\" target=\"_blank\"><img decoding=\"async\" class=\"size-full wp-image-699 alignleft\" src=\"https:\/\/printspace.harutheme.com\/demand\/wp-content\/uploads\/2023\/07\/box-icon-21.svg\" alt=\"\" width=\"70\" height=\"70\"><\/a>Sed risus neque, sagittis sed pellente sque at, pharetra ut nunc. Phasellus id enim eget ante pellentesque pharetra. Phasellus et nisl urna. Integer nisl dui, efficitur in vopat sodales, tempor sed orci. Donec et euismod ipsum. Interdum et malesuada fames ac ante ipsum primis in faucibus.<\/p><p>Etiam tincidunt dictum eros at porta. Phasellus gravida dolor in sem placerat sodales sagittis sed pellentesque at, pharetra ut nunc efficitur in vopat sodales enim eget ante pellentesque.<\/p>\t\t\t\t\t\t\t\t<\/div>\n\t\t\t\t<\/div>\n\t\t\t\t<\/div>\n\t\t<div class=\"elementor-element elementor-element-a1256f0 e-con-full e-flex e-con e-child\" data-id=\"a1256f0\" data-element_type=\"container\" data-e-type=\"container\">\n\t\t\t\t<div class=\"elementor-element elementor-element-373bc62 elementor-widget elementor-widget-haru-heading\" data-id=\"373bc62\" data-element_type=\"widget\" data-e-type=\"widget\" data-widget_type=\"haru-heading.default\">\n\t\t\t\t<div class=\"elementor-widget-container\">\n\t\t\t\t\t<h2 class=\"haru-heading-title haru-heading-title--single-heading-1\">In pharetra turpis<\/h2>\t\t\t\t<\/div>\n\t\t\t\t<\/div>\n\t\t\t\t<div class=\"elementor-element elementor-element-c82c92b elementor-widget elementor-widget-text-editor\" data-id=\"c82c92b\" data-element_type=\"widget\" data-e-type=\"widget\" data-widget_type=\"text-editor.default\">\n\t\t\t\t<div class=\"elementor-widget-container\">\n\t\t\t\t\t\t\t\t\tConstruit autour d'un cadre en h\u00eatre massif avec des pieds en acier inoxydable poli. La chaise Wing est dot\u00e9e de pieds en acier inoxydable finis \u00e0 la main qui ne n\u00e9cessitent pratiquement aucun entretien. La chaise CH445 convient aussi bien aux groupes qu'aux personnes seules, et se place de pr\u00e9f\u00e9rence l\u00e0 o\u00f9 son design \u00e9l\u00e9gant peut \u00eatre vu de tous les c\u00f4t\u00e9s.\t\t\t\t\t\t\t\t<\/div>\n\t\t\t\t<\/div>\n\t\t\t\t<div class=\"elementor-element elementor-element-12952bd elementor-widget elementor-widget-text-editor\" data-id=\"12952bd\" data-element_type=\"widget\" data-e-type=\"widget\" data-widget_type=\"text-editor.default\">\n\t\t\t\t<div class=\"elementor-widget-container\">\n\t\t\t\t\t\t\t\t\t<ul>\n \t<li>In pharetra turpis : 65,00 cm<\/li>\n \t<li>Aenean pulvinar lorem : 48 couleurs<\/li>\n \t<li>Vestibulum convallis : 2,53 m2<\/li>\n \t<li>Esticotine convallis : 8,96 m<\/li>\n<\/ul>\t\t\t\t\t\t\t\t<\/div>\n\t\t\t\t<\/div>\n\t\t\t\t<\/div>\n\t\t<div class=\"elementor-element elementor-element-ac288ee e-con-full e-flex e-con e-child\" data-id=\"ac288ee\" data-element_type=\"container\" data-e-type=\"container\">\n\t\t\t\t<div class=\"elementor-element elementor-element-1e88614 elementor-widget elementor-widget-haru-heading\" data-id=\"1e88614\" data-element_type=\"widget\" data-e-type=\"widget\" data-widget_type=\"haru-heading.default\">\n\t\t\t\t<div class=\"elementor-widget-container\">\n\t\t\t\t\t<h2 class=\"haru-heading-title haru-heading-title--single-heading-1\">Pellentesque nec<\/h2>\t\t\t\t<\/div>\n\t\t\t\t<\/div>\n\t\t\t\t<div class=\"elementor-element elementor-element-653945a elementor-widget elementor-widget-text-editor\" data-id=\"653945a\" data-element_type=\"widget\" data-e-type=\"widget\" data-widget_type=\"text-editor.default\">\n\t\t\t\t<div class=\"elementor-widget-container\">\n\t\t\t\t\t\t\t\t\t<ul>\n \t<li>Sed risus : pharetra ut nunc<\/li>\n \t<li>Phasellus id : enim eget ante pellentesque<\/li>\n \t<li>Integer nisl : euismod ipsum.<\/li>\n \t<li>Interdum et : malesuada fames ac ante ipsum<\/li>\n \t<li>Phasellus gravida : dolor in sem placerat sodales<\/li>\n<\/ul>\t\t\t\t\t\t\t\t<\/div>\n\t\t\t\t<\/div>\n\t\t\t\t<div class=\"elementor-element elementor-element-4e51126 elementor-widget elementor-widget-haru-heading\" data-id=\"4e51126\" data-element_type=\"widget\" data-e-type=\"widget\" data-widget_type=\"haru-heading.default\">\n\t\t\t\t<div class=\"elementor-widget-container\">\n\t\t\t\t\t<h2 class=\"haru-heading-title haru-heading-title--single-heading-1\">Etiam non augue<\/h2>\t\t\t\t<\/div>\n\t\t\t\t<\/div>\n\t\t\t\t<div class=\"elementor-element elementor-element-5ccb00e elementor-widget elementor-widget-text-editor\" data-id=\"5ccb00e\" data-element_type=\"widget\" data-e-type=\"widget\" data-widget_type=\"text-editor.default\">\n\t\t\t\t<div class=\"elementor-widget-container\">\n\t\t\t\t\t\t\t\t\t<p>Nullam id pires : 68,00 cm<\/p><p>Etiam non augue : 86,00 cm<\/p>\t\t\t\t\t\t\t\t<\/div>\n\t\t\t\t<\/div>\n\t\t\t\t<\/div>\n\t\t\t\t\t<\/div>\n\t\t\t\t<\/div>\n\t\t\t\t<\/div>","protected":false},"excerpt":{"rendered":"<p>Lorem ipsum dolor sit amet, consectetur adipiscing elit. In tristique malesuada elit, ut facilisis tellus elementum id. Nullam id consectetur diam. Pellentesque nec tristique sapien etiam non augue lacus.<\/p>","protected":false},"featured_media":9559,"comment_status":"open","ping_status":"closed","template":"","meta":{"rs_blank_template":"","rs_page_bg_color":"","slide_template_v7":""},"product_brand":[],"product_cat":[64],"product_tag":[],"class_list":{"0":"post-9558","1":"product","2":"type-product","3":"status-publish","4":"has-post-thumbnail","6":"product_cat-design-online","8":"first","9":"instock","10":"taxable","11":"shipping-taxable","12":"purchasable","13":"product-type-variable","14":"has-default-attributes"},"_links":{"self":[{"href":"https:\/\/rbibihas.com\/fr\/wp-json\/wp\/v2\/product\/9558","targetHints":{"allow":["GET"]}}],"collection":[{"href":"https:\/\/rbibihas.com\/fr\/wp-json\/wp\/v2\/product"}],"about":[{"href":"https:\/\/rbibihas.com\/fr\/wp-json\/wp\/v2\/types\/product"}],"replies":[{"embeddable":true,"href":"https:\/\/rbibihas.com\/fr\/wp-json\/wp\/v2\/comments?post=9558"}],"version-history":[{"count":0,"href":"https:\/\/rbibihas.com\/fr\/wp-json\/wp\/v2\/product\/9558\/revisions"}],"wp:featuredmedia":[{"embeddable":true,"href":"https:\/\/rbibihas.com\/fr\/wp-json\/wp\/v2\/media\/9559"}],"wp:attachment":[{"href":"https:\/\/rbibihas.com\/fr\/wp-json\/wp\/v2\/media?parent=9558"}],"wp:term":[{"taxonomy":"product_brand","embeddable":true,"href":"https:\/\/rbibihas.com\/fr\/wp-json\/wp\/v2\/product_brand?post=9558"},{"taxonomy":"product_cat","embeddable":true,"href":"https:\/\/rbibihas.com\/fr\/wp-json\/wp\/v2\/product_cat?post=9558"},{"taxonomy":"product_tag","embeddable":true,"href":"https:\/\/rbibihas.com\/fr\/wp-json\/wp\/v2\/product_tag?post=9558"}],"curies":[{"name":"wp","href":"https:\/\/api.w.org\/{rel}","templated":true}]}}